{"id":76,"date":"2013-10-12T18:57:35","date_gmt":"2013-10-12T15:57:35","guid":{"rendered":"http:\/\/www.masmoudi.fi\/?page_id=76"},"modified":"2025-02-28T16:15:08","modified_gmt":"2025-02-28T14:15:08","slug":"tilaa-esitys-2","status":"publish","type":"page","link":"http:\/\/www.masmoudi.fi\/?page_id=76","title":{"rendered":"Tilaa esitys"},"content":{"rendered":"<p style=\"text-align: left;\"><span style=\"color: #333333;\"><a href=\"http:\/\/www.masmoudi.fi\/wp-content\/uploads\/2024\/04\/tilaa-esitys-sivulle-scaled.jpg\"><img loading=\"lazy\" decoding=\"async\" class=\"aligncenter  wp-image-961\" src=\"http:\/\/www.masmoudi.fi\/wp-content\/uploads\/2024\/04\/tilaa-esitys-sivulle-300x200.jpg\" alt=\"\" width=\"506\" height=\"337\" srcset=\"http:\/\/www.masmoudi.fi\/wp-content\/uploads\/2024\/04\/tilaa-esitys-sivulle-300x200.jpg 300w, http:\/\/www.masmoudi.fi\/wp-content\/uploads\/2024\/04\/tilaa-esitys-sivulle-1024x683.jpg 1024w\" sizes=\"auto, (max-width: 506px) 100vw, 506px\" \/><\/a><\/span><\/p>\n<p style=\"text-align: left;\"><span style=\"color: #333333;\">It\u00e4mainen tanssiesitys on pirist\u00e4v\u00e4 ja yll\u00e4tt\u00e4v\u00e4 lis\u00e4 juhlissasi.\u00a0Masmoudilla on oma esiintyv\u00e4 tanssiryhm\u00e4, jota\u00a0voi tilata erilaisiin tapahtumiin.<\/span><\/p>\n<p><span style=\"color: #333333;\">Ohjelmistossamme on sek\u00e4 ryhm\u00e4- ett\u00e4 soolotansseja<\/span><\/p>\n<ul>\n<li style=\"list-style-type: none;\">\n<ul>\n<li><span style=\"color: #333333;\">estraditansseista arabipoppiin<\/span><\/li>\n<li><span style=\"color: #333333;\">huivitansseista rumpusooloihin<\/span><\/li>\n<li><span style=\"color: #333333;\">kansantansseista fuusiorytmeihin<\/span><\/li>\n<\/ul>\n<\/li>\n<\/ul>\n<p><span style=\"color: #333333;\">Tilaa meid\u00e4t esiintym\u00e4\u00e4n<\/span><\/p>\n<ul>\n<li style=\"list-style-type: none;\">\n<ul>\n<li><span style=\"color: #333333;\">syntym\u00e4p\u00e4iville, h\u00e4ihin, polttareihin<\/span><\/li>\n<li><span style=\"color: #333333;\">firman juhliin ja pikkujouluihin<\/span><\/li>\n<li><span style=\"color: #333333;\">messuille, n\u00e4yt\u00f6ksiin ja katutapahtumiin<\/span><\/li>\n<\/ul>\n<\/li>\n<\/ul>\n<p><span style=\"color: #333333;\">Esitykset muokataan kunkin tilaajan toivomusten mukaan.<\/span><\/p>\n<h2><span style=\"color: #333333;\">Hinnat<\/span><\/h2>\n<ul>\n<li style=\"list-style-type: none;\">\n<ul>\n<li><span style=\"color: #333333;\">70 \u20ac\/2 tanssia<\/span><\/li>\n<li><span style=\"color: #333333;\">100 \u20ac\/3 tanssia<\/span><\/li>\n<li><span style=\"color: #333333;\">150 \u20ac\/5 tanssia<\/span><\/li>\n<\/ul>\n<\/li>\n<\/ul>\n<h2><span style=\"color: #333333;\">Tilaukset<\/span><\/h2>\n<p><span style=\"color: #333333;\">Ota yhteytt\u00e4 s\u00e4hk\u00f6postilla posti.masmoudi(at)gmail.com.<\/span><\/p>\n\n\n<p class=\"has-small-font-size\"><em>Kuva Jani Kuittinen<\/em><\/p>\n\n\n\n<p><\/p>\n","protected":false},"excerpt":{"rendered":"<p>It\u00e4mainen tanssiesitys on pirist\u00e4v\u00e4 ja yll\u00e4tt\u00e4v\u00e4 lis\u00e4 juhlissasi.\u00a0Masmoudilla on oma esiintyv\u00e4 tanssiryhm\u00e4, jota\u00a0voi tilata erilaisiin tapahtumiin. Ohjelmistossamme on sek\u00e4 ryhm\u00e4- ett\u00e4 soolotansseja estraditansseista arabipoppiin huivitansseista rumpusooloihin kansantansseista fuusiorytmeihin Tilaa meid\u00e4t esiintym\u00e4\u00e4n syntym\u00e4p\u00e4iville, h\u00e4ihin, polttareihin firman juhliin ja pikkujouluihin messuille, n\u00e4yt\u00f6ksiin ja katutapahtumiin Esitykset muokataan kunkin tilaajan toivomusten mukaan. Hinnat 70 \u20ac\/2 tanssia 100 \u20ac\/3 tanssia &hellip; <\/p>\n<p class=\"link-more\"><a href=\"http:\/\/www.masmoudi.fi\/?page_id=76\" class=\"more-link\">Jatka lukemista<span class=\"screen-reader-text\"> &#8221;Tilaa esitys&#8221;<\/span><\/a><\/p>\n","protected":false},"author":1,"featured_media":0,"parent":0,"menu_order":5,"comment_status":"closed","ping_status":"closed","template":"page-full_width.php","meta":{"footnotes":""},"class_list":["post-76","page","type-page","status-publish","hentry"],"_links":{"self":[{"href":"http:\/\/www.masmoudi.fi\/index.php?rest_route=\/wp\/v2\/pages\/76","targetHints":{"allow":["GET"]}}],"collection":[{"href":"http:\/\/www.masmoudi.fi\/index.php?rest_route=\/wp\/v2\/pages"}],"about":[{"href":"http:\/\/www.masmoudi.fi\/index.php?rest_route=\/wp\/v2\/types\/page"}],"author":[{"embeddable":true,"href":"http:\/\/www.masmoudi.fi\/index.php?rest_route=\/wp\/v2\/users\/1"}],"replies":[{"embeddable":true,"href":"http:\/\/www.masmoudi.fi\/index.php?rest_route=%2Fwp%2Fv2%2Fcomments&post=76"}],"version-history":[{"count":25,"href":"http:\/\/www.masmoudi.fi\/index.php?rest_route=\/wp\/v2\/pages\/76\/revisions"}],"predecessor-version":[{"id":1026,"href":"http:\/\/www.masmoudi.fi\/index.php?rest_route=\/wp\/v2\/pages\/76\/revisions\/1026"}],"wp:attachment":[{"href":"http:\/\/www.masmoudi.fi\/index.php?rest_route=%2Fwp%2Fv2%2Fmedia&parent=76"}],"curies":[{"name":"wp","href":"https:\/\/api.w.org\/{rel}","templated":true}]}}