{"id":69,"date":"2013-10-12T18:51:34","date_gmt":"2013-10-12T15:51:34","guid":{"rendered":"http:\/\/www.masmoudi.fi\/?page_id=69"},"modified":"2026-02-25T17:29:30","modified_gmt":"2026-02-25T15:29:30","slug":"tapahtumat-2","status":"publish","type":"page","link":"http:\/\/www.masmoudi.fi\/?page_id=69","title":{"rendered":"Tapahtumat"},"content":{"rendered":"\n<h2 class=\"wp-block-heading\"><strong>VUOSIKOKOUS TO 12.3.2026 <\/strong><\/h2>\n\n\n\n<p>Yhdistyksen vuosikokous torstaina 12.3.2026 klo 19:00 Miksa-Tilin tiloissa, Siitolanranta 5, Imatra.<\/p>\n\n\n\n<p>L\u00e4mpim\u00e4sti tervetuloa!<\/p>\n\n\n\n<p>t. Hallitus<\/p>\n\n\n<div class=\"wp-block-image\">\n<figure class=\"aligncenter size-large is-resized\"><img loading=\"lazy\" decoding=\"async\" width=\"1024\" height=\"689\" src=\"http:\/\/www.masmoudi.fi\/wp-content\/uploads\/2026\/02\/Vuosikokouskutsu_Mahdollisuuksien-tori_2025-1024x689.jpg\" alt=\"\" class=\"wp-image-1040\" style=\"aspect-ratio:1.486218302094818;width:476px;height:auto\" srcset=\"http:\/\/www.masmoudi.fi\/wp-content\/uploads\/2026\/02\/Vuosikokouskutsu_Mahdollisuuksien-tori_2025-1024x689.jpg 1024w, http:\/\/www.masmoudi.fi\/wp-content\/uploads\/2026\/02\/Vuosikokouskutsu_Mahdollisuuksien-tori_2025-300x202.jpg 300w, http:\/\/www.masmoudi.fi\/wp-content\/uploads\/2026\/02\/Vuosikokouskutsu_Mahdollisuuksien-tori_2025-768x517.jpg 768w, http:\/\/www.masmoudi.fi\/wp-content\/uploads\/2026\/02\/Vuosikokouskutsu_Mahdollisuuksien-tori_2025.jpg 1518w\" sizes=\"auto, (max-width: 706px) 89vw, (max-width: 767px) 82vw, 740px\" \/><figcaption class=\"wp-element-caption\">Johanna, Tanja ja Paula Zeinan py\u00f6rteiss\u00e4 Mahdollisuuksien Tori -tapahtumassa marraskuussa 2025<\/figcaption><\/figure>\n<\/div>\n\n\n<hr class=\"wp-block-separator has-alpha-channel-opacity is-style-wide\"\/>\n\n\n\n<h2 class=\"wp-block-heading\"><strong>HELI TURUSEN IT\u00c4MAISEN TANSSIN KURSSIP\u00c4IV\u00c4 LA 15.11.2025<\/strong><\/h2>\n\n\n\n<h4 class=\"wp-block-heading\">Kosken koulu &#8211; Kanavakatu 6, 55100 Imatra<\/h4>\n\n\n\n<p>Upea Heli Turunen Savonlinnasta tulee tanssittamaan meit\u00e4 marraskuussa. Luvassa tuttuun tapaan tekniikka- sek\u00e4 koreografiakurssi Helin osaavalla otteella. Tekniikkakurssi sopii kaikentasoisille tanssijoille, koreografiakurssilla olisi hyv\u00e4 osata jo hieman it\u00e4maisen tanssin alkeita.<\/p>\n\n\n\n<p>Katso tarkemmat tiedot alta ja ilmoittaudu mukaan: posti.masmoudi@gmail.com<\/p>\n\n\n\n<p>L\u00e4mpim\u00e4sti tervetuloa!<\/p>\n\n\n\n<figure class=\"wp-block-image size-full\"><img loading=\"lazy\" decoding=\"async\" width=\"800\" height=\"533\" src=\"http:\/\/www.masmoudi.fi\/wp-content\/uploads\/2025\/10\/itamaisen-tanssin-kurssi-heli-turunen.jpg\" alt=\"\" class=\"wp-image-1036\" srcset=\"http:\/\/www.masmoudi.fi\/wp-content\/uploads\/2025\/10\/itamaisen-tanssin-kurssi-heli-turunen.jpg 800w, http:\/\/www.masmoudi.fi\/wp-content\/uploads\/2025\/10\/itamaisen-tanssin-kurssi-heli-turunen-300x200.jpg 300w, http:\/\/www.masmoudi.fi\/wp-content\/uploads\/2025\/10\/itamaisen-tanssin-kurssi-heli-turunen-768x512.jpg 768w\" sizes=\"auto, (max-width: 706px) 89vw, (max-width: 767px) 82vw, 740px\" \/><\/figure>\n\n\n\n<div style=\"height:26px\" aria-hidden=\"true\" class=\"wp-block-spacer\"><\/div>\n\n\n\n<h2 class=\"wp-block-heading\"><strong>VUOSIKOKOUS TI 18.3.2025 <\/strong><\/h2>\n\n\n\n<p>Yhdistyksen vuosikokous tiistaina 18.3.2025 klo 18:00 Miksa-Tilin tiloissa, Siitolanranta 5, Imatra. <\/p>\n\n\n\n<p>Tervetuloa!<\/p>\n\n\n\n<p>t. Hallitus<\/p>\n\n\n\n<figure class=\"wp-block-image size-large\"><img loading=\"lazy\" decoding=\"async\" width=\"1024\" height=\"965\" src=\"http:\/\/www.masmoudi.fi\/wp-content\/uploads\/2025\/02\/image-2-1024x965.png\" alt=\"\" class=\"wp-image-1015\" srcset=\"http:\/\/www.masmoudi.fi\/wp-content\/uploads\/2025\/02\/image-2-1024x965.png 1024w, http:\/\/www.masmoudi.fi\/wp-content\/uploads\/2025\/02\/image-2-300x283.png 300w, http:\/\/www.masmoudi.fi\/wp-content\/uploads\/2025\/02\/image-2-768x724.png 768w, http:\/\/www.masmoudi.fi\/wp-content\/uploads\/2025\/02\/image-2.png 1094w\" sizes=\"auto, (max-width: 706px) 89vw, (max-width: 767px) 82vw, 740px\" \/><\/figure>\n\n\n\n<p class=\"has-small-font-size\"><em>Kuva Jani Kuittinen<\/em><\/p>\n\n\n\n<details class=\"wp-block-details is-layout-flow wp-block-details-is-layout-flow\"><summary><\/summary>\n<p><\/p>\n<\/details>\n\n\n\n<p><\/p>\n\n\n\n<p><\/p>\n\n\n\n<p><\/p>\n\n\n\n<p><\/p>\n\n\n\n<p><\/p>\n\n\n\n<h2 class=\"wp-block-heading\"><\/h2>\n","protected":false},"excerpt":{"rendered":"<p>VUOSIKOKOUS TO 12.3.2026 Yhdistyksen vuosikokous torstaina 12.3.2026 klo 19:00 Miksa-Tilin tiloissa, Siitolanranta 5, Imatra. L\u00e4mpim\u00e4sti tervetuloa! t. Hallitus HELI TURUSEN IT\u00c4MAISEN TANSSIN KURSSIP\u00c4IV\u00c4 LA 15.11.2025 Kosken koulu &#8211; Kanavakatu 6, 55100 Imatra Upea Heli Turunen Savonlinnasta tulee tanssittamaan meit\u00e4 marraskuussa. Luvassa tuttuun tapaan tekniikka- sek\u00e4 koreografiakurssi Helin osaavalla otteella. Tekniikkakurssi sopii kaikentasoisille tanssijoille, koreografiakurssilla olisi &hellip; <\/p>\n<p class=\"link-more\"><a href=\"http:\/\/www.masmoudi.fi\/?page_id=69\" class=\"more-link\">Jatka lukemista<span class=\"screen-reader-text\"> &#8221;Tapahtumat&#8221;<\/span><\/a><\/p>\n","protected":false},"author":1,"featured_media":0,"parent":0,"menu_order":4,"comment_status":"closed","ping_status":"closed","template":"page-full_width.php","meta":{"footnotes":""},"class_list":["post-69","page","type-page","status-publish","hentry"],"_links":{"self":[{"href":"http:\/\/www.masmoudi.fi\/index.php?rest_route=\/wp\/v2\/pages\/69","targetHints":{"allow":["GET"]}}],"collection":[{"href":"http:\/\/www.masmoudi.fi\/index.php?rest_route=\/wp\/v2\/pages"}],"about":[{"href":"http:\/\/www.masmoudi.fi\/index.php?rest_route=\/wp\/v2\/types\/page"}],"author":[{"embeddable":true,"href":"http:\/\/www.masmoudi.fi\/index.php?rest_route=\/wp\/v2\/users\/1"}],"replies":[{"embeddable":true,"href":"http:\/\/www.masmoudi.fi\/index.php?rest_route=%2Fwp%2Fv2%2Fcomments&post=69"}],"version-history":[{"count":215,"href":"http:\/\/www.masmoudi.fi\/index.php?rest_route=\/wp\/v2\/pages\/69\/revisions"}],"predecessor-version":[{"id":1042,"href":"http:\/\/www.masmoudi.fi\/index.php?rest_route=\/wp\/v2\/pages\/69\/revisions\/1042"}],"wp:attachment":[{"href":"http:\/\/www.masmoudi.fi\/index.php?rest_route=%2Fwp%2Fv2%2Fmedia&parent=69"}],"curies":[{"name":"wp","href":"https:\/\/api.w.org\/{rel}","templated":true}]}}