{"id":67,"date":"2013-10-12T18:46:08","date_gmt":"2013-10-12T15:46:08","guid":{"rendered":"http:\/\/www.masmoudi.fi\/?page_id=67"},"modified":"2025-04-23T19:54:16","modified_gmt":"2025-04-23T16:54:16","slug":"yhteystiedot","status":"publish","type":"page","link":"http:\/\/www.masmoudi.fi\/?page_id=67","title":{"rendered":"Yhteystiedot"},"content":{"rendered":"\n<p><\/p>\n\n\n<h2><a href=\"http:\/\/www.masmoudi.fi\/wp-content\/uploads\/2024\/04\/yhteystiedot_sivulle.jpg\"><img loading=\"lazy\" decoding=\"async\" class=\"aligncenter size-medium wp-image-966\" src=\"http:\/\/www.masmoudi.fi\/wp-content\/uploads\/2024\/04\/yhteystiedot_sivulle.jpg\" alt=\"\" width=\"1\" height=\"1\" \/><\/a><\/h2>\n<h2><a href=\"http:\/\/www.masmoudi.fi\/wp-content\/uploads\/2024\/04\/yhteystiedot.jpg\"><img loading=\"lazy\" decoding=\"async\" class=\"wp-image-968 alignleft\" src=\"http:\/\/www.masmoudi.fi\/wp-content\/uploads\/2024\/04\/yhteystiedot-300x200.jpg\" alt=\"\" width=\"571\" height=\"380\" srcset=\"http:\/\/www.masmoudi.fi\/wp-content\/uploads\/2024\/04\/yhteystiedot-300x200.jpg 300w, http:\/\/www.masmoudi.fi\/wp-content\/uploads\/2024\/04\/yhteystiedot-1024x683.jpg 1024w, http:\/\/www.masmoudi.fi\/wp-content\/uploads\/2024\/04\/yhteystiedot-768x512.jpg 768w, http:\/\/www.masmoudi.fi\/wp-content\/uploads\/2024\/04\/yhteystiedot-1536x1024.jpg 1536w\" sizes=\"auto, (max-width: 571px) 100vw, 571px\" \/><\/a><\/h2>\n<h2><span style=\"color: #333333;\">Masmoudi ry<\/span><\/h2>\n<p><span style=\"color: #333333;\">www.masmoudi.fi<\/span><\/p>\n<p><span style=\"color: #333333;\">S\u00e4hk\u00f6posti: posti.masmoudi(at)gmail.com<\/span><\/p>\n<p><span style=\"color: #333333;\"> Facebook:\u00a0<a style=\"color: #333333;\" href=\"https:\/\/www.facebook.com\/masmoudiry\/?fref=ts\" target=\"_blank\" rel=\"noopener noreferrer\">Masmoudi<\/a><\/span><\/p>\n<h2><span style=\"color: #333333;\">Hallitus<\/span><\/h2>\n<p><span style=\"color: #000000;\">Puheenjohtaja: Susa Wikstr\u00f6m<\/span><\/p>\n<p><span style=\"color: #000000;\">Varapuheenjohtaja: Else-Maj Uura<\/span><\/p>\n<p><span style=\"color: #000000;\">Rahastonhoitaja ja j\u00e4senrekisterin yll\u00e4pit\u00e4j\u00e4: Terhi Satomaa<\/span><\/p>\n<p><span style=\"color: #000000;\">Sihteeri: Paula Karjalainen<\/span><\/p>\n<p><span style=\"color: #000000;\">Varasihteeri: Virpi Tiainen<\/span><\/p>\n<p>Hallituksen j\u00e4sen: Tanja Suikkanen<\/p>\n\n\n<p class=\"has-small-font-size\"><em>Kuva Jani Kuittinen<\/em> <\/p>\n\n\n\n<p><\/p>\n","protected":false},"excerpt":{"rendered":"<p>Masmoudi ry www.masmoudi.fi S\u00e4hk\u00f6posti: posti.masmoudi(at)gmail.com Facebook:\u00a0Masmoudi Hallitus Puheenjohtaja: Susa Wikstr\u00f6m Varapuheenjohtaja: Else-Maj Uura Rahastonhoitaja ja j\u00e4senrekisterin yll\u00e4pit\u00e4j\u00e4: Terhi Satomaa Sihteeri: Paula Karjalainen Varasihteeri: Virpi Tiainen Hallituksen j\u00e4sen: Tanja Suikkanen Kuva Jani Kuittinen<\/p>\n","protected":false},"author":1,"featured_media":0,"parent":0,"menu_order":3,"comment_status":"closed","ping_status":"closed","template":"page-full_width.php","meta":{"footnotes":""},"class_list":["post-67","page","type-page","status-publish","hentry"],"_links":{"self":[{"href":"http:\/\/www.masmoudi.fi\/index.php?rest_route=\/wp\/v2\/pages\/67","targetHints":{"allow":["GET"]}}],"collection":[{"href":"http:\/\/www.masmoudi.fi\/index.php?rest_route=\/wp\/v2\/pages"}],"about":[{"href":"http:\/\/www.masmoudi.fi\/index.php?rest_route=\/wp\/v2\/types\/page"}],"author":[{"embeddable":true,"href":"http:\/\/www.masmoudi.fi\/index.php?rest_route=\/wp\/v2\/users\/1"}],"replies":[{"embeddable":true,"href":"http:\/\/www.masmoudi.fi\/index.php?rest_route=%2Fwp%2Fv2%2Fcomments&post=67"}],"version-history":[{"count":32,"href":"http:\/\/www.masmoudi.fi\/index.php?rest_route=\/wp\/v2\/pages\/67\/revisions"}],"predecessor-version":[{"id":1032,"href":"http:\/\/www.masmoudi.fi\/index.php?rest_route=\/wp\/v2\/pages\/67\/revisions\/1032"}],"wp:attachment":[{"href":"http:\/\/www.masmoudi.fi\/index.php?rest_route=%2Fwp%2Fv2%2Fmedia&parent=67"}],"curies":[{"name":"wp","href":"https:\/\/api.w.org\/{rel}","templated":true}]}}