{"id":60,"date":"2013-10-12T18:37:16","date_gmt":"2013-10-12T15:37:16","guid":{"rendered":"http:\/\/www.masmoudi.fi\/?page_id=60"},"modified":"2023-02-22T08:39:02","modified_gmt":"2023-02-22T06:39:02","slug":"yhdistys-2","status":"publish","type":"page","link":"http:\/\/www.masmoudi.fi\/","title":{"rendered":"Yhdistys"},"content":{"rendered":"<p style=\"text-align: center;\">\n<p style=\"text-align: left;\"><span style=\"color: #333333;\">It\u00e4maisen tanssin toi Imatralle vuonna 1993 P\u00e4ivi Mielik\u00e4inen. <\/span>H\u00e4nen innostava ja ammatillinen otteensa kasvatti hyv\u00e4n ja laajan tanssipohjan. Sen ansiosta perustettiin Imatralle 17.7.1995 it\u00e4maisen tanssin yhdistys Masmoudi ry.<\/p>\n<p><span style=\"color: #333333;\">Yhdistys on saanut nimens\u00e4 er\u00e4\u00e4n egyptil\u00e4isen perusrytmin, masmoudin mukaan. Yhdistyksen j\u00e4senm\u00e4\u00e4r\u00e4 on noin 40.<\/span><\/p>\n<p><span style=\"color: #333333;\">Masmoudin tavoitteena on alusta l\u00e4htien ollut it\u00e4maisen tanssin tunnetuksi tekeminen ja harrastuksen edist\u00e4minen Imatralla ja sen l\u00e4hialueilla.<\/span><\/p>\n<p><span style=\"color: #000000;\">\u00a0<\/span><\/p>\n","protected":false},"excerpt":{"rendered":"<p>It\u00e4maisen tanssin toi Imatralle vuonna 1993 P\u00e4ivi Mielik\u00e4inen. H\u00e4nen innostava ja ammatillinen otteensa kasvatti hyv\u00e4n ja laajan tanssipohjan. Sen ansiosta perustettiin Imatralle 17.7.1995 it\u00e4maisen tanssin yhdistys Masmoudi ry. Yhdistys on saanut nimens\u00e4 er\u00e4\u00e4n egyptil\u00e4isen perusrytmin, masmoudin mukaan. Yhdistyksen j\u00e4senm\u00e4\u00e4r\u00e4 on noin 40. Masmoudin tavoitteena on alusta l\u00e4htien ollut it\u00e4maisen tanssin tunnetuksi tekeminen ja harrastuksen edist\u00e4minen &hellip; <\/p>\n<p class=\"link-more\"><a href=\"http:\/\/www.masmoudi.fi\/\" class=\"more-link\">Jatka lukemista<span class=\"screen-reader-text\"> &#8221;Yhdistys&#8221;<\/span><\/a><\/p>\n","protected":false},"author":1,"featured_media":0,"parent":0,"menu_order":1,"comment_status":"closed","ping_status":"closed","template":"page-full_width.php","meta":{"footnotes":""},"class_list":["post-60","page","type-page","status-publish","hentry"],"_links":{"self":[{"href":"http:\/\/www.masmoudi.fi\/index.php?rest_route=\/wp\/v2\/pages\/60","targetHints":{"allow":["GET"]}}],"collection":[{"href":"http:\/\/www.masmoudi.fi\/index.php?rest_route=\/wp\/v2\/pages"}],"about":[{"href":"http:\/\/www.masmoudi.fi\/index.php?rest_route=\/wp\/v2\/types\/page"}],"author":[{"embeddable":true,"href":"http:\/\/www.masmoudi.fi\/index.php?rest_route=\/wp\/v2\/users\/1"}],"replies":[{"embeddable":true,"href":"http:\/\/www.masmoudi.fi\/index.php?rest_route=%2Fwp%2Fv2%2Fcomments&post=60"}],"version-history":[{"count":14,"href":"http:\/\/www.masmoudi.fi\/index.php?rest_route=\/wp\/v2\/pages\/60\/revisions"}],"predecessor-version":[{"id":911,"href":"http:\/\/www.masmoudi.fi\/index.php?rest_route=\/wp\/v2\/pages\/60\/revisions\/911"}],"wp:attachment":[{"href":"http:\/\/www.masmoudi.fi\/index.php?rest_route=%2Fwp%2Fv2%2Fmedia&parent=60"}],"curies":[{"name":"wp","href":"https:\/\/api.w.org\/{rel}","templated":true}]}}